{"id":36,"date":"2015-08-19T16:05:35","date_gmt":"2015-08-19T14:05:35","guid":{"rendered":"https:\/\/tevas.no\/prepart\/cms\/?page_id=36"},"modified":"2021-11-02T10:09:59","modified_gmt":"2021-11-02T09:09:59","slug":"presentasjon","status":"publish","type":"page","link":"https:\/\/tevas.no\/prepart\/presentasjon\/","title":{"rendered":"Produkter"},"content":{"rendered":"<blockquote><p>Prepart-modulen er en prefabrikkert teknisk takmodul som bidrar til \u00e5 forkorte byggetiden og dermed senke risikoen, og ivaretar et godt inneklima i bygg hvor den installeres .<\/p>\n<p>Prepart-modulen gir stort innsparingspotensial for materiell, mannskap og monteringstid.<\/p><\/blockquote>\n<p>&nbsp;<\/p>\n<hr \/>\n<p>&nbsp;<\/p>\n<div class='content-column one_half'><p>Prepart-modulen har<\/p>\n<ul>\n<li>integrert ventilasjon<\/li>\n<li>vannb\u00e5ren varme<\/li>\n<li>sprinkler<\/li>\n<li>lys og tilh\u00f8rende styringssystemTakboks for montering av brannmelder<\/li>\n<\/ul>\n<ul>\n<li>Skjult sprinklerhode<\/li>\n<li>Romregulering \/ KNX MultiController<\/li>\n<li>Tilluftsenhet VAV \/ Pegasus<\/li>\n<li>Tilluftskammer<\/li>\n<li>Tilluftsventil<\/li>\n<li>Tilstedev\u00e6relse- og temperaturf\u00f8ler<\/li>\n<li>Integrert LED belysning \/ C80-SR<\/li>\n<li>Vannb\u00e5ren takvarme<\/li>\n<\/ul><\/div><div class='content-column one_half last_column'><p>Brukerne kan enkelt regulere romtemperatur, friskluftsmengde og lysstyrke via tr\u00e5dl\u00f8st betjeningspanel som leveres med enheten.<\/p>\n<p>M\u00e5l (l x b x h): 3.000 x 1.200 x 200 mm<br \/>\nVekt: 64 kg<\/p>\n<p>Alle installerte komponenter i Prepart kommer fra anerkjente leverand\u00f8rer som Trox Auranor, Glamox og Function Products og er produkter med en teknologi som ivaretar dagens og morgendagens krav til komfort, energibruk og milj\u00f8vennlige materialer.<\/p>\n<p>Produksjonen av modulens rammeverk og himling, sammenstilling av komponenter og klargj\u00f8ring for forsendelse til kunde gj\u00f8res hos Meta AS i R\u00f8ros. Meta er ledende innenfor utvikling og leveranser av metallhimlinger for det norske markedet og har en kompetanse som gj\u00f8r oss trygg p\u00e5 at sluttproduktet holder den kvalitet markedet forventer.<\/p>\n<p>Det er lagt stor vekt p\u00e5 at modulen har en design som l\u00f8fter byggets arkitektoniske inntrykk og som gir arkitekten store friheter mht. bruk av omkringliggende himlingsalternativer. Her har Inventas AS v\u00e6rt en viktig bidragsyter med sin unike kompetanse innenfor industridesign<\/p><\/div><div class='clear_column'><\/div>\n<hr \/>\n<p>&nbsp;<\/p>\n<h3>Vil du vite mer ?<br \/>\nKontakt Tevas<\/h3>\n<div class='content-column one_fourth'><p><strong>Eirik F. Lohne<\/strong><br \/>\nDaglig leder i Tevas<br \/>\nE-post: <a href=\"mailto:eirik.f.lohne@tevas.no\">eirik.f.lohne@tevas.no<\/a><br \/>\nMob: <a href=\"tel:93233136\">93233136<\/a><\/p><\/div>\n","protected":false},"excerpt":{"rendered":"<p>Prepart-modulen er en prefabrikkert teknisk takmodul som bidrar <a href=\"https:\/\/tevas.no\/prepart\/presentasjon\/\"><\/a><\/p>\n","protected":false},"author":1,"featured_media":0,"parent":0,"menu_order":0,"comment_status":"closed","ping_status":"closed","template":"","meta":{"ngg_post_thumbnail":0,"footnotes":""},"tags":[11,21,23,24,12,19,22,14,13,9,15,16,17,18,20,10,8],"_links":{"self":[{"href":"https:\/\/tevas.no\/prepart\/wp-json\/wp\/v2\/pages\/36"}],"collection":[{"href":"https:\/\/tevas.no\/prepart\/wp-json\/wp\/v2\/pages"}],"about":[{"href":"https:\/\/tevas.no\/prepart\/wp-json\/wp\/v2\/types\/page"}],"author":[{"embeddable":true,"href":"https:\/\/tevas.no\/prepart\/wp-json\/wp\/v2\/users\/1"}],"replies":[{"embeddable":true,"href":"https:\/\/tevas.no\/prepart\/wp-json\/wp\/v2\/comments?post=36"}],"version-history":[{"count":37,"href":"https:\/\/tevas.no\/prepart\/wp-json\/wp\/v2\/pages\/36\/revisions"}],"predecessor-version":[{"id":494,"href":"https:\/\/tevas.no\/prepart\/wp-json\/wp\/v2\/pages\/36\/revisions\/494"}],"wp:attachment":[{"href":"https:\/\/tevas.no\/prepart\/wp-json\/wp\/v2\/media?parent=36"}],"wp:term":[{"taxonomy":"post_tag","embeddable":true,"href":"https:\/\/tevas.no\/prepart\/wp-json\/wp\/v2\/tags?post=36"}],"curies":[{"name":"wp","href":"https:\/\/api.w.org\/{rel}","templated":true}]}}